{"id":215152,"date":"2020-12-14T17:36:22","date_gmt":"2020-12-14T16:36:22","guid":{"rendered":"https:\/\/castelnau-gites-chambresdhotes.com\/2020\/?page_id=215152"},"modified":"2020-12-14T17:47:33","modified_gmt":"2020-12-14T16:47:33","slug":"conditions-generales-de-vente-2","status":"publish","type":"page","link":"https:\/\/castelnau-gites-chambresdhotes.com\/2020\/conditions-generales-de-vente-2\/","title":{"rendered":"Conditions G\u00e9n\u00e9rales de Vente"},"content":{"rendered":"<p>[et_pb_section fb_built=\u00a0\u00bb1&Prime; fullwidth=\u00a0\u00bbon\u00a0\u00bb admin_label=\u00a0\u00bbPage Header\u00a0\u00bb _builder_version=\u00a0\u00bb4.4.3&Prime; background_image=\u00a0\u00bb\/wp-content\/uploads\/2017\/12\/business-14.jpg\u00a0\u00bb parallax=\u00a0\u00bbon\u00a0\u00bb box_shadow_style=\u00a0\u00bbpreset1&Prime; collapsed=\u00a0\u00bboff\u00a0\u00bb][et_pb_fullwidth_header title=\u00a0\u00bbNos Conditions G\u00e9n\u00e9rales de Vente\u00a0\u00bb text_orientation=\u00a0\u00bbright\u00a0\u00bb button_one_url=\u00a0\u00bb#\u00a0\u00bb button_two_url=\u00a0\u00bb#\u00a0\u00bb admin_label=\u00a0\u00bbTexte bandeau du haut\u00a0\u00bb _builder_version=\u00a0\u00bb4.4.3&Prime; title_font=\u00a0\u00bbGreat Vibes||on||||||\u00a0\u00bb title_text_align=\u00a0\u00bbright\u00a0\u00bb title_text_color=\u00a0\u00bb#821b12&Prime; title_font_size=\u00a0\u00bb78px\u00a0\u00bb title_letter_spacing=\u00a0\u00bb3px\u00a0\u00bb title_line_height=\u00a0\u00bb1.3em\u00a0\u00bb content_text_color=\u00a0\u00bb#f9f9f9&Prime; content_font_size=\u00a0\u00bb18px\u00a0\u00bb content_line_height=\u00a0\u00bb1.8em\u00a0\u00bb subhead_font=\u00a0\u00bbMontserrat||||||||\u00a0\u00bb subhead_text_align=\u00a0\u00bbright\u00a0\u00bb subhead_font_size=\u00a0\u00bb28px\u00a0\u00bb background_color=\u00a0\u00bbrgba(255,255,255,0)\u00a0\u00bb background_image=\u00a0\u00bbhttp:\/\/castelnau-gites-chambresdhotes.com\/2020\/wp-content\/uploads\/2020\/04\/IMG_20200405_141652-scaled-1-e1587470229992.jpg\u00a0\u00bb custom_button_one=\u00a0\u00bbon\u00a0\u00bb button_one_text_size=\u00a0\u00bb16px\u00a0\u00bb button_one_bg_color=\u00a0\u00bb#6eba01&Prime; button_one_border_width=\u00a0\u00bb2px\u00a0\u00bb button_one_border_color=\u00a0\u00bb#6eba01&Prime; button_one_border_radius=\u00a0\u00bb0&Prime; button_one_letter_spacing=\u00a0\u00bb2&Prime; button_one_font=\u00a0\u00bbMontserrat|||on|\u00a0\u00bb button_one_use_icon=\u00a0\u00bboff\u00a0\u00bb custom_button_two=\u00a0\u00bbon\u00a0\u00bb button_two_text_size=\u00a0\u00bb16px\u00a0\u00bb button_two_border_width=\u00a0\u00bb2px\u00a0\u00bb button_two_border_color=\u00a0\u00bb#ffffff\u00a0\u00bb button_two_border_radius=\u00a0\u00bb0&Prime; button_two_letter_spacing=\u00a0\u00bb2&Prime; button_two_font=\u00a0\u00bbMontserrat|||on|\u00a0\u00bb button_two_use_icon=\u00a0\u00bboff\u00a0\u00bb module_alignment=\u00a0\u00bbleft\u00a0\u00bb min_height=\u00a0\u00bb108px\u00a0\u00bb custom_margin=\u00a0\u00bb|||\u00a0\u00bb custom_padding=\u00a0\u00bb4px||1px|||\u00a0\u00bb animation_style=\u00a0\u00bbfade\u00a0\u00bb title_font_size_tablet=\u00a0\u00bb\u00a0\u00bb title_font_size_phone=\u00a0\u00bb50px\u00a0\u00bb title_font_size_last_edited=\u00a0\u00bbon|desktop\u00a0\u00bb title_text_shadow_style=\u00a0\u00bbpreset1&Prime; subhead_text_shadow_style=\u00a0\u00bbpreset1&Prime; button_one_text_color_hover=\u00a0\u00bb#6eba01&Prime; button_two_text_color_hover=\u00a0\u00bb#6eba01&Prime; button_one_border_color_hover=\u00a0\u00bb#ffffff\u00a0\u00bb button_two_border_color_hover=\u00a0\u00bb#ffffff\u00a0\u00bb button_one_border_radius_hover=\u00a0\u00bb0&Prime; button_two_border_radius_hover=\u00a0\u00bb0&Prime; button_one_letter_spacing_hover=\u00a0\u00bb2&Prime; button_two_letter_spacing_hover=\u00a0\u00bb2&Prime; button_one_bg_color_hover=\u00a0\u00bb#ffffff\u00a0\u00bb button_two_bg_color_hover=\u00a0\u00bb#ffffff\u00a0\u00bb button_one_text_size__hover_enabled=\u00a0\u00bboff\u00a0\u00bb button_one_text_size__hover=\u00a0\u00bbnull\u00a0\u00bb button_two_text_size__hover_enabled=\u00a0\u00bboff\u00a0\u00bb button_two_text_size__hover=\u00a0\u00bbnull\u00a0\u00bb button_one_text_color__hover_enabled=\u00a0\u00bbon\u00a0\u00bb button_one_text_color__hover=\u00a0\u00bb#6eba01&Prime; button_two_text_color__hover_enabled=\u00a0\u00bbon\u00a0\u00bb button_two_text_color__hover=\u00a0\u00bb#6eba01&Prime; button_one_border_width__hover_enabled=\u00a0\u00bboff\u00a0\u00bb button_one_border_width__hover=\u00a0\u00bbnull\u00a0\u00bb button_two_border_width__hover_enabled=\u00a0\u00bboff\u00a0\u00bb button_two_border_width__hover=\u00a0\u00bbnull\u00a0\u00bb button_one_border_color__hover_enabled=\u00a0\u00bbon\u00a0\u00bb button_one_border_color__hover=\u00a0\u00bb#ffffff\u00a0\u00bb button_two_border_color__hover_enabled=\u00a0\u00bbon\u00a0\u00bb button_two_border_color__hover=\u00a0\u00bb#ffffff\u00a0\u00bb button_one_border_radius__hover_enabled=\u00a0\u00bbon\u00a0\u00bb button_one_border_radius__hover=\u00a0\u00bb0&Prime; button_two_border_radius__hover_enabled=\u00a0\u00bbon\u00a0\u00bb button_two_border_radius__hover=\u00a0\u00bb0&Prime; button_one_letter_spacing__hover_enabled=\u00a0\u00bbon\u00a0\u00bb button_one_letter_spacing__hover=\u00a0\u00bb2&Prime; button_two_letter_spacing__hover_enabled=\u00a0\u00bbon\u00a0\u00bb button_two_letter_spacing__hover=\u00a0\u00bb2&Prime; button_one_bg_color__hover_enabled=\u00a0\u00bbon\u00a0\u00bb button_one_bg_color__hover=\u00a0\u00bb#ffffff\u00a0\u00bb button_two_bg_color__hover_enabled=\u00a0\u00bbon\u00a0\u00bb button_two_bg_color__hover=\u00a0\u00bb#ffffff\u00a0\u00bb][\/et_pb_fullwidth_header][\/et_pb_section][et_pb_section fb_built=\u00a0\u00bb1&Prime; _builder_version=\u00a0\u00bb4.4.3&Prime; background_image=\u00a0\u00bbhttps:\/\/castelnau-gites-chambresdhotes.com\/2020\/wp-content\/uploads\/2020\/07\/retouche-chambre-dhote-paysage.png\u00a0\u00bb parallax=\u00a0\u00bbon\u00a0\u00bb custom_padding=\u00a0\u00bb||0px|||\u00a0\u00bb collapsed=\u00a0\u00bboff\u00a0\u00bb][et_pb_row _builder_version=\u00a0\u00bb4.4.3&Prime; background_enable_image=\u00a0\u00bboff\u00a0\u00bb parallax=\u00a0\u00bbon\u00a0\u00bb width=\u00a0\u00bb100%\u00a0\u00bb max_width=\u00a0\u00bb1197px\u00a0\u00bb min_height=\u00a0\u00bb630px\u00a0\u00bb custom_margin=\u00a0\u00bb-50px|||auto|false|false\u00a0\u00bb][et_pb_column type=\u00a0\u00bb4_4&Prime; _builder_version=\u00a0\u00bb4.4.3&Prime;][et_pb_text _builder_version=\u00a0\u00bb4.4.3&Prime; text_font=\u00a0\u00bbTimes New Roman||||||||\u00a0\u00bb text_text_color=\u00a0\u00bb#3f3f3f\u00a0\u00bb text_font_size=\u00a0\u00bb19px\u00a0\u00bb text_line_height=\u00a0\u00bb1em\u00a0\u00bb header_font_size=\u00a0\u00bb5px\u00a0\u00bb custom_margin=\u00a0\u00bb2px||2px||false|false\u00a0\u00bb hover_enabled=\u00a0\u00bb0&Prime; module_class=\u00a0\u00bbcgv\u00a0\u00bb custom_css_after=\u00a0\u00bb.cgv h2{||  color:red;||}\u00a0\u00bb]<\/p>\n<p><strong><em>Conditions G\u00e9n\u00e9rales de Vente<\/em><\/strong><\/p>\n<p><strong><em>-Le Castelnau-<\/em><\/strong><\/p>\n<p><strong><em>\u00a0<\/em><\/strong><\/p>\n<h2><em>\u00a0<strong>Article 1 &#8211; Dur\u00e9e du s\u00e9jour <\/strong><\/em><\/h2>\n<p><em>A Ce contrat est destin\u00e9 \u00e0 l\u2019usage exclusif de la r\u00e9servation de s\u00e9jours en chambres d\u2019h\u00f4tes. Le meilleur accueil sera r\u00e9serv\u00e9 aux h\u00f4tes.<\/em><\/p>\n<p><em>B Le locataire signataire du pr\u00e9sent contrat conclu pour une dur\u00e9e d\u00e9termin\u00e9e ne pourra en aucune circonstance se pr\u00e9valoir d\u2019un quelconque droit au maintien dans les lieux \u00e0 l\u2019issue du s\u00e9jour. <\/em><\/p>\n<h2><strong><em>Article 2 \u2013 Formalit\u00e9s de r\u00e9servation<\/em><\/strong><\/h2>\n<p><em>A La r\u00e9servation devient effective d\u00e8s la r\u00e9ception du mail de confirmation de r\u00e9servation. <\/em><\/p>\n<p><em>B A r\u00e9ception du mail de\u00a0confirmation de r\u00e9servation, le propri\u00e9taire invite le client \u00e0 v\u00e9rifier les \u00e9l\u00e9ments de cette r\u00e9servation :<\/em><\/p>\n<ul>\n<li><em>ses coordonn\u00e9es et plus particuli\u00e8rement adresse mail et num\u00e9ro de t\u00e9l\u00e9phone portable afin d&rsquo;\u00eatre joignable avant et pendant la r\u00e9servation<\/em><\/li>\n<li><em>ses commentaires ou demandes particuli\u00e8res<\/em><\/li>\n<li><em>le nombre de personnes &#8211; la date d&rsquo;arriv\u00e9e &#8211; la date de d\u00e9part \u2013 le nombre de nuit\u00e9es<\/em><\/li>\n<li><em>le prix total de la r\u00e9servation, le montant indiqu\u00e9 \u00e9tant TTC, taxe de s\u00e9jour non incluses<\/em><\/li>\n<\/ul>\n<h2><strong><em>Article 3 \u2013 Tarifs<\/em><\/strong><\/h2>\n<p><em>A Les tarifs affich\u00e9s sont des prix par chambre, \u00e0 la nuit\u00e9e, petits d\u00e9jeuners inclus, taxe de s\u00e9jour en sus.<\/em><em> \u00a0<\/em><\/p>\n<p><em>B La taxe de s\u00e9jour est un imp\u00f4t local que le client doit acquitter aupr\u00e8s du propri\u00e9taire qui la reverse ensuite au Tr\u00e9sor public.<\/em><\/p>\n<p><em>C Les tarifs n&rsquo;incluent pas les prestations compl\u00e9mentaires \u00e9ventuelles. Les consommations et les prestations suppl\u00e9mentaires non mentionn\u00e9es dans le pr\u00e9sent contrat seront \u00e0 r\u00e9gler en fin de s\u00e9jour au propri\u00e9taire.<\/em><\/p>\n<p><em>D Le prix du s\u00e9jour est \u00e0 r\u00e9gler \u00e0 l\u2019arriv\u00e9e chez le propri\u00e9taire.<\/em><\/p>\n<h2><strong><em>Article 4 &#8211;\u00a0 Annulations<\/em><\/strong><\/h2>\n<p><em>A En cas de non pr\u00e9sentation du client, le montant total de la r\u00e9servation sera due.<\/em><\/p>\n<p><em>B En cas d&rsquo;annulation du s\u00e9jour par le propri\u00e9taire, il doit informer imp\u00e9rativement le client par lettre recommand\u00e9e avec avis de r\u00e9ception ou email \u00e0 l&rsquo;attention du client.\u200b\u00a0Le client sans pr\u00e9juger des recours en r\u00e9paration des dommages \u00e9ventuellement subis, sera rembours\u00e9 imm\u00e9diatement des sommes vers\u00e9es. <\/em><\/p>\n<h2><strong><em>Article 5 \u2013 Arriv\u00e9e\u00a0et d\u00e9part<\/em><\/strong><\/h2>\n<p><em>A Le client doit se pr\u00e9senter le jour pr\u00e9cis\u00e9 lors de sa r\u00e9servation, entre 17h00\u00a0(heure de disponibilit\u00e9 des chambres et de remise des clefs) et, au plus tard, \u00e0 20h00.\u00a0<\/em><\/p>\n<p><em>\u00a0<\/em><\/p>\n<p><em>B Le client pr\u00e9viendra imp\u00e9rativement par t\u00e9l\u00e9phone si, par la force des choses, il est contraint d\u2019arriver avant ou\u00a0apr\u00e8s ce cr\u00e9neau horaire. <\/em><\/p>\n<p><strong><em>\u00a0<\/em><\/strong><\/p>\n<p><em>C Le client prendra le soin de\u00a0quitter la chambre avant 11h00.<\/em><\/p>\n<h2><strong><em>Article 6 &#8211; Utilisation des lieux :<\/em><\/strong><\/h2>\n<p><em>A Le client devra respecter le caract\u00e8re paisible des lieux et en faire un usage conforme \u00e0 leur destination. <\/em><em>La circulation au sein de la propri\u00e9t\u00e9 et dans la chambre doit se faire en silence.<\/em><\/p>\n<p><em>\u00a0<\/em><\/p>\n<p><em>B Le soin apport\u00e9 \u00e0 la d\u00e9coration de la chambre doit \u00eatre soigneusement respect\u00e9.<\/em><em> Il s\u2019engage \u00e0 rendre la chambre en parfait \u00e9tat, et assumer financi\u00e8rement toute d\u00e9gradation \u00e9ventuelle dont il pourrait \u00eatre responsable. <\/em><em>Toute disparition d&rsquo;objet non d\u00e9clar\u00e9e sera factur\u00e9e \u00e0 posteriori au client, \u00e0 sa valeur de remplacement.<\/em><\/p>\n<p><em>\u00a0<\/em><\/p>\n<p><em>C L\u2019attention des clients est attir\u00e9e sur le fait que les mineurs \u00e9voluant sur la propri\u00e9t\u00e9 sont plac\u00e9s sous l\u2019unique et enti\u00e8re responsabilit\u00e9 de leurs parents ou des personnes ayant autorit\u00e9 sur eux.<\/em><\/p>\n<p><em>\u00a0<\/em><\/p>\n<p><em>D Il est demand\u00e9 de ne pas fumer \u00e0 l\u2019int\u00e9rieur de l\u2019\u00e9tablissement. Nous mettons \u00e0 votre disposition des terrasses pour les fumeurs. Par ailleurs, les animaux de compagnie ne sont pas autoris\u00e9s.<\/em><\/p>\n<p><em>\u00a0<\/em><\/p>\n<p><em>E Pour des questions de s\u00e9curit\u00e9, il est formellement interdit d&rsquo;utiliser des flames nues dans la chambre\u00a0: chandelles, bougies, encens, papier d&rsquo;Arm\u00e9nie, etc &#8230;<\/em><\/p>\n<h2><strong><em>Article 7 &#8211; Capacit\u00e9 :<\/em><\/strong><\/h2>\n<p><em>A Le pr\u00e9sent contrat est \u00e9tabli pour un nombre pr\u00e9cis de personnes. Si le nombre de clients d\u00e9passe ce nombre, le propri\u00e9taire est en mesure de refuser les clients suppl\u00e9mentaires. <\/em><\/p>\n<p><em>B Ce refus ne peut en aucun cas \u00eatre consid\u00e9r\u00e9 comme une modification ou une rupture du contrat \u00e0 l\u2019initiative du propri\u00e9taire, de sorte qu\u2019en cas de d\u00e9part d\u2019un nombre de clients sup\u00e9rieur \u00e0 ceux refus\u00e9s, aucun remboursement ne peut \u00eatre envisag\u00e9.<\/em><\/p>\n<p><em>\u00a0<\/em><\/p>\n<h2><strong><em>Article 8 \u2013 Petit d\u00e9jeuner<\/em><\/strong><\/h2>\n<p><em>A L\u2019heure du petit d\u00e9jeuner est fix\u00e9\u00a0de 8h00 \u00e0 9h30.<\/em><\/p>\n<p><em>\u00a0<\/em><\/p>\n<p><em>B Toutes demandes particuli\u00e8res \u00ab\u00a0intol\u00e9rances, allergies, etc &#8230;\u00a0\u00bb\u00a0devra \u00eatre pr\u00e9cis\u00e9es au propri\u00e9taire au moment de la r\u00e9servation.<\/em><\/p>\n<p><em>\u00a0<\/em><\/p>\n<h2><strong><em>Article 9 <\/em><\/strong><\/h2>\n<p><em>A Les pr\u00e9sentes conditions de vente sont modifiables \u00e0 tout moment sans pr\u00e9avis. <\/em><\/p>\n<p><em>\u00a0<\/em><\/p>\n<p><em>B L\u2019acceptation et le respect de ces conditions de ventes sont r\u00e9put\u00e9s acquis d\u00e8s la r\u00e9servation<\/em><\/p>\n<p>&nbsp;<\/p>\n<p><a href=\"https:\/\/castelnau-gites-chambresdhotes.com\/2020\/wp-content\/uploads\/2020\/12\/Conditions-Ge\u0301ne\u0301rales-de-Vente.pdf\" target=\"_blank\" rel=\"noopener noreferrer\"><em>T\u00e9l\u00e9charger les Conditions G\u00e9n\u00e9rales de Vente (PDF)<\/em><\/a><\/p>\n<p>[\/et_pb_text][\/et_pb_column][\/et_pb_row][\/et_pb_section]<\/p>\n","protected":false},"excerpt":{"rendered":"<p>[et_pb_section fb_built=\u00a0\u00bb1&Prime; fullwidth=\u00a0\u00bbon\u00a0\u00bb admin_label=\u00a0\u00bbPage Header\u00a0\u00bb _builder_version=\u00a0\u00bb4.4.3&Prime; background_image=\u00a0\u00bb\/wp-content\/uploads\/2017\/12\/business-14.jpg\u00a0\u00bb parallax=\u00a0\u00bbon\u00a0\u00bb box_shadow_style=\u00a0\u00bbpreset1&Prime; collapsed=\u00a0\u00bboff\u00a0\u00bb][et_pb_fullwidth_header title=\u00a0\u00bbNos Conditions G\u00e9n\u00e9rales de Vente\u00a0\u00bb text_orientation=\u00a0\u00bbright\u00a0\u00bb button_one_url=\u00a0\u00bb#\u00a0\u00bb button_two_url=\u00a0\u00bb#\u00a0\u00bb admin_label=\u00a0\u00bbTexte bandeau du haut\u00a0\u00bb _builder_version=\u00a0\u00bb4.4.3&Prime; title_font=\u00a0\u00bbGreat Vibes||on||||||\u00a0\u00bb title_text_align=\u00a0\u00bbright\u00a0\u00bb title_text_color=\u00a0\u00bb#821b12&Prime; title_font_size=\u00a0\u00bb78px\u00a0\u00bb title_letter_spacing=\u00a0\u00bb3px\u00a0\u00bb title_line_height=\u00a0\u00bb1.3em\u00a0\u00bb content_text_color=\u00a0\u00bb#f9f9f9&Prime; content_font_size=\u00a0\u00bb18px\u00a0\u00bb content_line_height=\u00a0\u00bb1.8em\u00a0\u00bb subhead_font=\u00a0\u00bbMontserrat||||||||\u00a0\u00bb subhead_text_align=\u00a0\u00bbright\u00a0\u00bb subhead_font_size=\u00a0\u00bb28px\u00a0\u00bb background_color=\u00a0\u00bbrgba(255,255,255,0)\u00a0\u00bb background_image=\u00a0\u00bbhttp:\/\/castelnau-gites-chambresdhotes.com\/2020\/wp-content\/uploads\/2020\/04\/IMG_20200405_141652-scaled-1-e1587470229992.jpg\u00a0\u00bb custom_button_one=\u00a0\u00bbon\u00a0\u00bb button_one_text_size=\u00a0\u00bb16px\u00a0\u00bb button_one_bg_color=\u00a0\u00bb#6eba01&Prime; button_one_border_width=\u00a0\u00bb2px\u00a0\u00bb button_one_border_color=\u00a0\u00bb#6eba01&Prime; button_one_border_radius=\u00a0\u00bb0&Prime; button_one_letter_spacing=\u00a0\u00bb2&Prime; button_one_font=\u00a0\u00bbMontserrat|||on|\u00a0\u00bb button_one_use_icon=\u00a0\u00bboff\u00a0\u00bb custom_button_two=\u00a0\u00bbon\u00a0\u00bb button_two_text_size=\u00a0\u00bb16px\u00a0\u00bb button_two_border_width=\u00a0\u00bb2px\u00a0\u00bb button_two_border_color=\u00a0\u00bb#ffffff\u00a0\u00bb button_two_border_radius=\u00a0\u00bb0&Prime; button_two_letter_spacing=\u00a0\u00bb2&Prime; button_two_font=\u00a0\u00bbMontserrat|||on|\u00a0\u00bb button_two_use_icon=\u00a0\u00bboff\u00a0\u00bb [&hellip;]<\/p>\n","protected":false},"author":1,"featured_media":0,"parent":0,"menu_order":0,"comment_status":"closed","ping_status":"closed","template":"","meta":{"_et_pb_use_builder":"on","_et_pb_old_content":"","_et_gb_content_width":""},"yoast_head":"<!-- This site is optimized with the Yoast SEO plugin v14.6.1 - https:\/\/yoast.com\/wordpress\/plugins\/seo\/ -->\n<title>Conditions G\u00e9n\u00e9rales de Vente - Castelnau - Chambres d&#039;h\u00f4te<\/title>\n<meta name=\"robots\" content=\"index, follow\" \/>\n<meta name=\"googlebot\" content=\"index, follow, max-snippet:-1, max-image-preview:large, max-video-preview:-1\" \/>\n<meta name=\"bingbot\" content=\"index, follow, max-snippet:-1, max-image-preview:large, max-video-preview:-1\" \/>\n<link rel=\"canonical\" href=\"https:\/\/castelnau-gites-chambresdhotes.com\/2020\/conditions-generales-de-vente-2\/\" \/>\n<meta property=\"og:locale\" content=\"fr_FR\" \/>\n<meta property=\"og:type\" content=\"article\" \/>\n<meta property=\"og:title\" content=\"Conditions G\u00e9n\u00e9rales de Vente - Castelnau - Chambres d&#039;h\u00f4te\" \/>\n<meta property=\"og:description\" content=\"[et_pb_section fb_built=\u00a0\u00bb1&Prime; fullwidth=\u00a0\u00bbon\u00a0\u00bb admin_label=\u00a0\u00bbPage Header\u00a0\u00bb _builder_version=\u00a0\u00bb4.4.3&Prime; background_image=\u00a0\u00bb\/wp-content\/uploads\/2017\/12\/business-14.jpg\u00a0\u00bb parallax=\u00a0\u00bbon\u00a0\u00bb box_shadow_style=\u00a0\u00bbpreset1&Prime; collapsed=\u00a0\u00bboff\u00a0\u00bb][et_pb_fullwidth_header title=\u00a0\u00bbNos Conditions G\u00e9n\u00e9rales de Vente\u00a0\u00bb text_orientation=\u00a0\u00bbright\u00a0\u00bb button_one_url=\u00a0\u00bb#\u00a0\u00bb button_two_url=\u00a0\u00bb#\u00a0\u00bb admin_label=\u00a0\u00bbTexte bandeau du haut\u00a0\u00bb _builder_version=\u00a0\u00bb4.4.3&Prime; title_font=\u00a0\u00bbGreat Vibes||on||||||\u00a0\u00bb title_text_align=\u00a0\u00bbright\u00a0\u00bb title_text_color=\u00a0\u00bb#821b12&Prime; title_font_size=\u00a0\u00bb78px\u00a0\u00bb title_letter_spacing=\u00a0\u00bb3px\u00a0\u00bb title_line_height=\u00a0\u00bb1.3em\u00a0\u00bb content_text_color=\u00a0\u00bb#f9f9f9&Prime; content_font_size=\u00a0\u00bb18px\u00a0\u00bb content_line_height=\u00a0\u00bb1.8em\u00a0\u00bb subhead_font=\u00a0\u00bbMontserrat||||||||\u00a0\u00bb subhead_text_align=\u00a0\u00bbright\u00a0\u00bb subhead_font_size=\u00a0\u00bb28px\u00a0\u00bb background_color=\u00a0\u00bbrgba(255,255,255,0)\u00a0\u00bb background_image=\u00a0\u00bbhttp:\/\/castelnau-gites-chambresdhotes.com\/2020\/wp-content\/uploads\/2020\/04\/IMG_20200405_141652-scaled-1-e1587470229992.jpg\u00a0\u00bb custom_button_one=\u00a0\u00bbon\u00a0\u00bb button_one_text_size=\u00a0\u00bb16px\u00a0\u00bb button_one_bg_color=\u00a0\u00bb#6eba01&Prime; button_one_border_width=\u00a0\u00bb2px\u00a0\u00bb button_one_border_color=\u00a0\u00bb#6eba01&Prime; button_one_border_radius=\u00a0\u00bb0&Prime; button_one_letter_spacing=\u00a0\u00bb2&Prime; button_one_font=\u00a0\u00bbMontserrat|||on|\u00a0\u00bb button_one_use_icon=\u00a0\u00bboff\u00a0\u00bb custom_button_two=\u00a0\u00bbon\u00a0\u00bb button_two_text_size=\u00a0\u00bb16px\u00a0\u00bb button_two_border_width=\u00a0\u00bb2px\u00a0\u00bb button_two_border_color=\u00a0\u00bb#ffffff\u00a0\u00bb button_two_border_radius=\u00a0\u00bb0&Prime; button_two_letter_spacing=\u00a0\u00bb2&Prime; button_two_font=\u00a0\u00bbMontserrat|||on|\u00a0\u00bb button_two_use_icon=\u00a0\u00bboff\u00a0\u00bb [&hellip;]\" \/>\n<meta property=\"og:url\" content=\"https:\/\/castelnau-gites-chambresdhotes.com\/2020\/conditions-generales-de-vente-2\/\" \/>\n<meta property=\"og:site_name\" content=\"Castelnau - Chambres d&#039;h\u00f4te\" \/>\n<meta property=\"article:modified_time\" content=\"2020-12-14T16:47:33+00:00\" \/>\n<script type=\"application\/ld+json\" class=\"yoast-schema-graph\">{\"@context\":\"https:\/\/schema.org\",\"@graph\":[{\"@type\":\"WebSite\",\"@id\":\"https:\/\/castelnau-gites-chambresdhotes.com\/2020\/#website\",\"url\":\"https:\/\/castelnau-gites-chambresdhotes.com\/2020\/\",\"name\":\"Castelnau - Chambres d&#039;h\\u00f4te\",\"description\":\"Le monde de Rachel\",\"potentialAction\":[{\"@type\":\"SearchAction\",\"target\":\"https:\/\/castelnau-gites-chambresdhotes.com\/2020\/?s={search_term_string}\",\"query-input\":\"required name=search_term_string\"}],\"inLanguage\":\"fr-FR\"},{\"@type\":\"WebPage\",\"@id\":\"https:\/\/castelnau-gites-chambresdhotes.com\/2020\/conditions-generales-de-vente-2\/#webpage\",\"url\":\"https:\/\/castelnau-gites-chambresdhotes.com\/2020\/conditions-generales-de-vente-2\/\",\"name\":\"Conditions G\\u00e9n\\u00e9rales de Vente - Castelnau - Chambres d&#039;h\\u00f4te\",\"isPartOf\":{\"@id\":\"https:\/\/castelnau-gites-chambresdhotes.com\/2020\/#website\"},\"datePublished\":\"2020-12-14T16:36:22+00:00\",\"dateModified\":\"2020-12-14T16:47:33+00:00\",\"inLanguage\":\"fr-FR\",\"potentialAction\":[{\"@type\":\"ReadAction\",\"target\":[\"https:\/\/castelnau-gites-chambresdhotes.com\/2020\/conditions-generales-de-vente-2\/\"]}]}]}<\/script>\n<!-- \/ Yoast SEO plugin. -->","_links":{"self":[{"href":"https:\/\/castelnau-gites-chambresdhotes.com\/2020\/wp-json\/wp\/v2\/pages\/215152"}],"collection":[{"href":"https:\/\/castelnau-gites-chambresdhotes.com\/2020\/wp-json\/wp\/v2\/pages"}],"about":[{"href":"https:\/\/castelnau-gites-chambresdhotes.com\/2020\/wp-json\/wp\/v2\/types\/page"}],"author":[{"embeddable":true,"href":"https:\/\/castelnau-gites-chambresdhotes.com\/2020\/wp-json\/wp\/v2\/users\/1"}],"replies":[{"embeddable":true,"href":"https:\/\/castelnau-gites-chambresdhotes.com\/2020\/wp-json\/wp\/v2\/comments?post=215152"}],"version-history":[{"count":8,"href":"https:\/\/castelnau-gites-chambresdhotes.com\/2020\/wp-json\/wp\/v2\/pages\/215152\/revisions"}],"predecessor-version":[{"id":215215,"href":"https:\/\/castelnau-gites-chambresdhotes.com\/2020\/wp-json\/wp\/v2\/pages\/215152\/revisions\/215215"}],"wp:attachment":[{"href":"https:\/\/castelnau-gites-chambresdhotes.com\/2020\/wp-json\/wp\/v2\/media?parent=215152"}],"curies":[{"name":"wp","href":"https:\/\/api.w.org\/{rel}","templated":true}]}}